{"id":126,"date":"2016-01-19T16:20:38","date_gmt":"2016-01-19T16:20:38","guid":{"rendered":"http:\/\/rezepte.nilso.eu\/?page_id=126"},"modified":"2019-05-15T13:27:16","modified_gmt":"2019-05-15T13:27:16","slug":"die-rezepte","status":"publish","type":"page","link":"http:\/\/cookn.nilso.eu\/?page_id=126","title":{"rendered":"Die Rezepte"},"content":{"rendered":"<p>Die Rezepte sind in folgende Kategorien unterteilt:<\/p>\n<ol>\n<li><a href=\".\/?cat=2\">Vorspeisen<\/a><br \/>\n1.1. <a href=\".\/?cat=3\">Pasta<\/a><br \/>\n1.2. <a href=\".\/?cat=4\">Vorspeisen, warm<\/a><br \/>\n1.3. <a href=\"http:\/\/coox.nilso.eu\/?cat=5\">Vorspeisen, kalt<\/a><br \/>\n1.4. <a href=\".\/?cat=6\">Tapas<\/a><\/li>\n<li><a href=\".\/?cat=7\">Hauptspeisen<\/a><br \/>\n2.1. <a href=\".\/?cat=8\">Suppen und Eint\u00f6pfe<\/a><br \/>\n2.2. <a href=\".\/?cat=9\">Fleischgerichte<\/a><br \/>\n2.3. Fischgerichte (in Arbeit)<br \/>\n2.4. Kohlgerichte (in Arbeit)<br \/>\n2.5. <a href=\".\/?cat=12\">Teigwaren<\/a><br \/>\n2.6. <a href=\".\/?cat=13\">Partysalate<\/a><\/li>\n<li><a href=\".\/?cat=14\">S\u00fc\u00dfspeisen<\/a><br \/>\n3.1 <a href=\".\/?cat=15\">Desserts, kalt<\/a><br \/>\n3.2. <a href=\".\/?cat=16\">Desserts, warm<\/a><br \/>\n3.3. <a href=\".\/?cat=17\">S\u00fc\u00dfigkeiten<\/a><br \/>\n3.4. <a href=\".\/?cat=18\">Kuchen und Torten<\/a><\/li>\n<li><a href=\".\/?cat=19\">Beilagen<\/a><br \/>\n4.1. <a href=\"\/?cat=20\">So\u00dfen, warm<\/a><br \/>\n4.2. <a href=\".\/?cat=21\">So\u00dfen und Dipps, kalt<\/a><br \/>\n4.3. <a href=\".\/?cat=27\">Beilagensalate <\/a><br \/>\n4.4. <a href=\".\/?cat=28\">Rohkost<\/a><\/li>\n<li><a href=\".\/?cat=22\">Getr\u00e4nke<\/a><br \/>\n5.1. <a href=\".\/?cat=23\">Party-Getr\u00e4nke<\/a><br \/>\n5.2. <a href=\".\/?cat=24\">Cocktails<\/a><br \/>\n5.3. <a href=\".\/?cat=25\">Getr\u00e4nke, kalt<\/a><\/li>\n<li>Grundlagen und Tipps (in Arbeit)<\/li>\n<\/ol>\n","protected":false},"excerpt":{"rendered":"<p>Die Rezepte sind in folgende Kategorien unterteilt: Vorspeisen 1.1. Pasta 1.2. Vorspeisen, warm 1.3. Vorspeisen, kalt 1.4. Tapas Hauptspeisen 2.1. Suppen und Eint\u00f6pfe 2.2. Fleischgerichte 2.3. Fischgerichte (in Arbeit) 2.4. Kohlgerichte (in Arbeit) 2.5. Teigwaren 2.6. Partysalate S\u00fc\u00dfspeisen 3.1 Desserts, kalt 3.2. Desserts, warm 3.3. S\u00fc\u00dfigkeiten 3.4. Kuchen und Torten Beilagen 4.1. So\u00dfen, warm 4.2. &hellip; <a href=\"http:\/\/cookn.nilso.eu\/?page_id=126\" class=\"more-link\"><span class=\"screen-reader-text\">Die Rezepte<\/span> weiterlesen <span class=\"meta-nav\">&rarr;<\/span><\/a><\/p>\n","protected":false},"author":1,"featured_media":0,"parent":0,"menu_order":0,"comment_status":"closed","ping_status":"closed","template":"","meta":[],"_links":{"self":[{"href":"http:\/\/cookn.nilso.eu\/index.php?rest_route=\/wp\/v2\/pages\/126"}],"collection":[{"href":"http:\/\/cookn.nilso.eu\/index.php?rest_route=\/wp\/v2\/pages"}],"about":[{"href":"http:\/\/cookn.nilso.eu\/index.php?rest_route=\/wp\/v2\/types\/page"}],"author":[{"embeddable":true,"href":"http:\/\/cookn.nilso.eu\/index.php?rest_route=\/wp\/v2\/users\/1"}],"replies":[{"embeddable":true,"href":"http:\/\/cookn.nilso.eu\/index.php?rest_route=%2Fwp%2Fv2%2Fcomments&post=126"}],"version-history":[{"count":17,"href":"http:\/\/cookn.nilso.eu\/index.php?rest_route=\/wp\/v2\/pages\/126\/revisions"}],"predecessor-version":[{"id":267,"href":"http:\/\/cookn.nilso.eu\/index.php?rest_route=\/wp\/v2\/pages\/126\/revisions\/267"}],"wp:attachment":[{"href":"http:\/\/cookn.nilso.eu\/index.php?rest_route=%2Fwp%2Fv2%2Fmedia&parent=126"}],"curies":[{"name":"wp","href":"https:\/\/api.w.org\/{rel}","templated":true}]}}