{"id":124,"date":"2016-01-19T16:08:14","date_gmt":"2016-01-19T16:08:14","guid":{"rendered":"http:\/\/rezepte.nilso.eu\/?page_id=124"},"modified":"2016-01-19T16:27:32","modified_gmt":"2016-01-19T16:27:32","slug":"willkommen","status":"publish","type":"page","link":"http:\/\/cookn.nilso.eu\/?page_id=124","title":{"rendered":"Willkommen!"},"content":{"rendered":"<div class=\"entry-content\">\n<p>Hallo zusammen,<br \/>\ndies ist mein neuer kulinarischer Blog.<\/p>\n<p>Hier will ich haupts\u00e4chlich <a href=\"http:\/\/rezepte.nilso.eu\/?page_id=126\">Rezepte <\/a>von meinen Lieblingsspeisen und -getr\u00e4nken sammeln, erhalten und weitergeben.<\/p>\n<p>Ich w\u00fcnsche allen Lesern viel Spa\u00df beim St\u00f6bern und Nachmachen!<\/p>\n<p>Nils<\/p>\n<\/div>\n","protected":false},"excerpt":{"rendered":"<p>Hallo zusammen, dies ist mein neuer kulinarischer Blog. Hier will ich haupts\u00e4chlich Rezepte von meinen Lieblingsspeisen und -getr\u00e4nken sammeln, erhalten und weitergeben. Ich w\u00fcnsche allen Lesern viel Spa\u00df beim St\u00f6bern und Nachmachen! Nils<\/p>\n","protected":false},"author":1,"featured_media":0,"parent":0,"menu_order":0,"comment_status":"closed","ping_status":"closed","template":"","meta":[],"_links":{"self":[{"href":"http:\/\/cookn.nilso.eu\/index.php?rest_route=\/wp\/v2\/pages\/124"}],"collection":[{"href":"http:\/\/cookn.nilso.eu\/index.php?rest_route=\/wp\/v2\/pages"}],"about":[{"href":"http:\/\/cookn.nilso.eu\/index.php?rest_route=\/wp\/v2\/types\/page"}],"author":[{"embeddable":true,"href":"http:\/\/cookn.nilso.eu\/index.php?rest_route=\/wp\/v2\/users\/1"}],"replies":[{"embeddable":true,"href":"http:\/\/cookn.nilso.eu\/index.php?rest_route=%2Fwp%2Fv2%2Fcomments&post=124"}],"version-history":[{"count":2,"href":"http:\/\/cookn.nilso.eu\/index.php?rest_route=\/wp\/v2\/pages\/124\/revisions"}],"predecessor-version":[{"id":130,"href":"http:\/\/cookn.nilso.eu\/index.php?rest_route=\/wp\/v2\/pages\/124\/revisions\/130"}],"wp:attachment":[{"href":"http:\/\/cookn.nilso.eu\/index.php?rest_route=%2Fwp%2Fv2%2Fmedia&parent=124"}],"curies":[{"name":"wp","href":"https:\/\/api.w.org\/{rel}","templated":true}]}}